{"id":5712,"date":"2023-12-21T11:53:19","date_gmt":"2023-12-21T10:53:19","guid":{"rendered":"https:\/\/islaywhiskychapter.at\/?page_id=5712"},"modified":"2024-07-29T18:23:17","modified_gmt":"2024-07-29T16:23:17","slug":"shop","status":"publish","type":"page","link":"https:\/\/islaywhiskychapter.at\/index.php\/shop\/","title":{"rendered":"IWCA Shop"},"content":{"rendered":"\n<p>Als Club haben wir regelm\u00e4ssig Gelegenheit neue und alte Abf\u00fcllungen zu verkosten. Dabei beschr\u00e4nken wir uns nicht nur auf schottischen Whisky, sondern genie\u00dfen auch irische und amerikanische Abf\u00fcllungen, sowie Whisk(e)y aus aller Welt. Gelegentliche Ausfl\u00fcge in die Welt des Rums, des Gins oder des Absinths machen unser Clubleben abwechslungsreich.<br><br>Im \u00f6ffentlichen Shop des Islay Whisky Chapter Austria findet man ausschlie\u00dflich Abf\u00fcllungen, die von IWCA-Mitgliedern bei solchen Verkostungen als besonders empfehlenswert beurteilt wurden.\u00a0<\/p>\n\n\n\n<p>Das Islay Whisky Chapter Austria kann und will nicht mit Getr\u00e4nke-Versandh\u00e4ndlern konkurieren, d.h. man wird hier keine Schn\u00e4ppchen finden, aber daf\u00fcr herausragende Abf\u00fcllungen zu fairen Preisen. Wir stellen auch die Abholung (click &amp; collect) in den Vordergrund, weil wir den pers\u00f6nlichen Kontakt und einen gemeinsam verkosteten Dram mehr sch\u00e4tzen als anonymen Service.&nbsp;<\/p>\n\n\n\n<p>Mit dem Aufrufen des Shops best\u00e4tigen die Besucher das erforderliche Mindestalter von 18 Jahren f\u00fcr den Erwerb von Spirituosen zu haben.<\/p>\n\n\n\n<p>Hier geht\u2018s zum Shop: <a href=\"Https:\/\/islaywhiskychapter.shop\/shop\/\">Https:\/\/islaywhiskychapter.shop\/shop\/<\/a><\/p>\n","protected":false},"excerpt":{"rendered":"<p>Als Club haben wir regelm\u00e4ssig Gelegenheit neue und alte Abf\u00fcllungen zu verkosten. Dabei beschr\u00e4nken wir uns nicht nur auf schottischen Whisky, sondern genie\u00dfen auch irische und amerikanische Abf\u00fcllungen, sowie Whisk(e)y aus aller Welt. Gelegentliche Ausfl\u00fcge in die Welt des Rums, <a class=\"more-link\" href=\"https:\/\/islaywhiskychapter.at\/index.php\/shop\/\"><span class=\"screen-reader-text\">  IWCA Shop<\/span> weiterlesen<span class=\"meta-nav\">&rarr;<\/span><\/a><\/p>\n","protected":false},"author":4,"featured_media":0,"parent":0,"menu_order":3,"comment_status":"closed","ping_status":"closed","template":"","meta":{"_acf_changed":false,"ngg_post_thumbnail":0,"footnotes":"","_links_to":"","_links_to_target":""},"class_list":["post-5712","page","type-page","status-publish","hentry"],"acf":[],"_links":{"self":[{"href":"https:\/\/islaywhiskychapter.at\/index.php\/wp-json\/wp\/v2\/pages\/5712","targetHints":{"allow":["GET"]}}],"collection":[{"href":"https:\/\/islaywhiskychapter.at\/index.php\/wp-json\/wp\/v2\/pages"}],"about":[{"href":"https:\/\/islaywhiskychapter.at\/index.php\/wp-json\/wp\/v2\/types\/page"}],"author":[{"embeddable":true,"href":"https:\/\/islaywhiskychapter.at\/index.php\/wp-json\/wp\/v2\/users\/4"}],"replies":[{"embeddable":true,"href":"https:\/\/islaywhiskychapter.at\/index.php\/wp-json\/wp\/v2\/comments?post=5712"}],"version-history":[{"count":0,"href":"https:\/\/islaywhiskychapter.at\/index.php\/wp-json\/wp\/v2\/pages\/5712\/revisions"}],"wp:attachment":[{"href":"https:\/\/islaywhiskychapter.at\/index.php\/wp-json\/wp\/v2\/media?parent=5712"}],"curies":[{"name":"wp","href":"https:\/\/api.w.org\/{rel}","templated":true}]}}