{"id":3771,"date":"2016-06-02T14:53:13","date_gmt":"2016-06-02T12:53:13","guid":{"rendered":"http:\/\/www.islaywhiskychapter.at\/?page_id=3771"},"modified":"2025-12-14T20:55:33","modified_gmt":"2025-12-14T19:55:33","slug":"wie-wird-man-mitglied-und-wie-kann-man-wieder-aussteigen","status":"publish","type":"page","link":"https:\/\/islaywhiskychapter.at\/index.php\/der-club\/wie-wird-man-mitglied-und-wie-kann-man-wieder-aussteigen\/","title":{"rendered":"Wie wird man Mitglied? (und wie kann man wieder aussteigen?)"},"content":{"rendered":"<p style=\"text-align: justify;\">Jede nat\u00fcrliche Person, die nach \u00f6sterreichischem Recht voll handlungsf\u00e4hig und zum Zeitpunkt des Antrags vollj\u00e4hrig ist, kann einen Antrag auf ordentliche Mitgliedschaft stellen. Dieser kann informell, pers\u00f6nlich \u00fcber ein Mitglied des Vorstandes, telefonisch oder \u00fcber eMail erfolgen.<\/p>\n<h3>Der Aufnahmeprozess<\/h3>\n<p>Das zust\u00e4ndige Vorstandsmitglied dann nimmt Kontakt mit dem Interessenten auf und informiert \u00fcber den weiteren Ablauf, der so aussieht:<\/p>\n<ol>\n<li>Verpflichtender Besuch eines Clubabends &#8211; Zweck ist das gegenseitige Kennenlernen<\/li>\n<li>Wahl eines Mentors durch den Interessenten aus dem Kreis der Mitglieder, dieser muss bereits eine zumindest dreij\u00e4hrige Mitgliedschaft aufweisen<\/li>\n<li>Verfassen eines Motivationsschreibens und offizielle Anfrage um Mitgliedschaft unter Nennung des Mentors, der die Profildaten des Interessenten sammelt und den Antrag unterst\u00fctzt<\/li>\n<li>Interne Pr\u00fcfung des Antrags durch das zust\u00e4ndige Vorstandsmitglied und Empfehlung an den Vorstand<\/li>\n<li>Abstimmung im Vorstand mit einfacher Mehrheit\n<ol>\n<li>Eine Ablehnung muss nicht begr\u00fcndet werden und wird sofort kommuniziert<\/li>\n<li>Eine Aufnahme wird mit einem Datum fixiert und sofort kommuniziert<\/li>\n<li>Internes Erstellen der Urkunde, Vorbereiten Polo, Glas, etc.<\/li>\n<li>Eintrag in die Mitgliederdatenbank und Vorschreiben der Beitr\u00e4ge<\/li>\n<\/ol>\n<\/li>\n<li>Aufnahmezeremonie im Rahmen eines Clubabends\n<ol>\n<li>Mentor stellt Kandidaten vor und begr\u00fcndet seine Unterst\u00fctzung<\/li>\n<li>Kandidat bringt eine (Whisky)Abf\u00fcllung mit und verteidigt sie<\/li>\n<li>Ernennung zum ordentlichen Mitglied durch Schwertschlag<\/li>\n<li>\u00dcbergabe der Urkunde und der Devotionalien<\/li>\n<\/ol>\n<\/li>\n<\/ol>\n<h3>Beendigung der ordentlichen Mitgliedschaft<\/h3>\n<p style=\"text-align: justify;\">Jedes Mitglied kann jederzeit seine Mitgliedschaft beenden. Dazu gen\u00fcgt eine\u00a0 pers\u00f6nliche, telefonische oder eMail-Nachricht, die vom zust\u00e4ndigen Vorstandsmitglied ebenso best\u00e4tigt wird. Die fortgesetzte Nichteinzahlung des Mitgliedsbeitrages f\u00fchrt nach zwei erfolglosen Zahlungserinnerungen, einem weiteren Mahnschreiben und erfolgloser pers\u00f6nlicher Ansprache nach sp\u00e4testens einem weiteren Monat ebenfalls zur Beendigung der Mitgliedschaft.<\/p>\n<p style=\"text-align: justify;\">Der Austritt wird bei der n\u00e4chsten Vorstandssitzung durchgef\u00fchrt, mittels<\/p>\n<ol>\n<li>\u00c4nderung des Status in der Datenbank von Mitglied auf ehemaliges Mitglied<\/li>\n<li>Abrechnung eines evtl. vorab eingezahlten Beitrages und aliquote R\u00fcckzahlung<\/li>\n<\/ol>\n","protected":false},"excerpt":{"rendered":"<p>Jede nat\u00fcrliche Person, die nach \u00f6sterreichischem Recht voll handlungsf\u00e4hig und zum Zeitpunkt des Antrags vollj\u00e4hrig ist, kann einen Antrag auf ordentliche Mitgliedschaft stellen. Dieser kann informell, pers\u00f6nlich \u00fcber ein Mitglied des Vorstandes, telefonisch oder \u00fcber eMail erfolgen. Der Aufnahmeprozess Das <a class=\"more-link\" href=\"https:\/\/islaywhiskychapter.at\/index.php\/der-club\/wie-wird-man-mitglied-und-wie-kann-man-wieder-aussteigen\/\"><span class=\"screen-reader-text\">  Wie wird man Mitglied? (und wie kann man wieder aussteigen?)<\/span> weiterlesen<span class=\"meta-nav\">&rarr;<\/span><\/a><\/p>\n","protected":false},"author":4,"featured_media":0,"parent":140,"menu_order":4,"comment_status":"closed","ping_status":"closed","template":"","meta":{"_acf_changed":false,"ngg_post_thumbnail":0,"footnotes":"","_links_to":"","_links_to_target":""},"class_list":["post-3771","page","type-page","status-publish","hentry"],"acf":[],"_links":{"self":[{"href":"https:\/\/islaywhiskychapter.at\/index.php\/wp-json\/wp\/v2\/pages\/3771","targetHints":{"allow":["GET"]}}],"collection":[{"href":"https:\/\/islaywhiskychapter.at\/index.php\/wp-json\/wp\/v2\/pages"}],"about":[{"href":"https:\/\/islaywhiskychapter.at\/index.php\/wp-json\/wp\/v2\/types\/page"}],"author":[{"embeddable":true,"href":"https:\/\/islaywhiskychapter.at\/index.php\/wp-json\/wp\/v2\/users\/4"}],"replies":[{"embeddable":true,"href":"https:\/\/islaywhiskychapter.at\/index.php\/wp-json\/wp\/v2\/comments?post=3771"}],"version-history":[{"count":0,"href":"https:\/\/islaywhiskychapter.at\/index.php\/wp-json\/wp\/v2\/pages\/3771\/revisions"}],"up":[{"embeddable":true,"href":"https:\/\/islaywhiskychapter.at\/index.php\/wp-json\/wp\/v2\/pages\/140"}],"wp:attachment":[{"href":"https:\/\/islaywhiskychapter.at\/index.php\/wp-json\/wp\/v2\/media?parent=3771"}],"curies":[{"name":"wp","href":"https:\/\/api.w.org\/{rel}","templated":true}]}}