{"id":3769,"date":"2016-05-31T16:47:06","date_gmt":"2016-05-31T14:47:06","guid":{"rendered":"http:\/\/www.islaywhiskychapter.at\/?page_id=3769"},"modified":"2025-12-14T20:42:24","modified_gmt":"2025-12-14T19:42:24","slug":"die-arten-der-mitgliedschaft","status":"publish","type":"page","link":"https:\/\/islaywhiskychapter.at\/index.php\/der-club\/die-arten-der-mitgliedschaft\/","title":{"rendered":"Die Mitgliedschaft"},"content":{"rendered":"<h1><\/h1>\n<h1>Arten<\/h1>\n<p>Die Arten der Mitgliedschaft entsprechen dem Vereinsgesetz und den Statuten des Vereins:<\/p>\n<p><strong>Ordentliches Mitglied (OM)<\/strong> \u2013 ist berechtigt<\/p>\n<ul>\n<li>zur Teilnahme an allen internen und \u00f6ffentlichen Clubveranstaltungen zu den Mitglieder-Konditionen<\/li>\n<li>zur Anmeldung eines Partnermitglieds<\/li>\n<li>zur Teilnahme und Stimmabgabe bei der Hauptversammlung<\/li>\n<li>zum Zugriff auf den Mitgliederbereich auf der Webseite<\/li>\n<li>zur Teilnahme mit 1.Priorit\u00e4t bei k\u00fcnftigen Events, Flaschen- oder Fassaktionen<\/li>\n<li>zum Erwerb eines Rosehill Monats- oder Jahrestickets<\/li>\n<\/ul>\n<p><strong>Partnermitglied (PM)<\/strong> \u2013 w.o., allerdings gebunden an die aktive Mitgliedschaft eines ordentlichen Mitglieds<\/p>\n<p><strong>Ehrenmitglied (EM)<\/strong> \u2013 w.o., allerdings gebunden an au\u00dfergew\u00f6hnliche Leistungen\/Verdienste um den Club<\/p>\n<h1><\/h1>\n<h1>Dauer<\/h1>\n<p>Normalerweise 1 Jahr ab Aufnahme oder Verl\u00e4ngerung, allerdings ist eine K\u00fcndigung jederzeit m\u00f6glich<\/p>\n<p>F\u00fcr Ehrenmitglieder wird der Status zumindest alle 3 Jahre \u00fcberpr\u00fcft und gegebenenfalls erneuert<\/p>\n<h1>Leistungen<\/h1>\n<p>Einmalig beim Erwerb der ordentlichen (auch Partner- und Ehren-)Mitgliedschaft<\/p>\n<ul>\n<li>Poloshirt schwarz, Langarm mit Clublogo<\/li>\n<li>Glencairn Verkostungsglas mit Clublogo<\/li>\n<li>Mitgliedsurkunde<\/li>\n<\/ul>\n<h1>Kosten (neu ab 1.11.2023)<\/h1>\n<p>Einschreibegeb\u00fchr:\u00a0\u00a0\u00a0\u00a0\u00a0\u00a0 \u20ac 60,-<\/p>\n<p>Mitgliedsbeitr\u00e4ge:<\/p>\n<ul>\n<li>OM:\u00a0\u00a0 \u20ac 20,-\/Monat bei j\u00e4hrlicher Vorauszahlung, \u20ac 26,-\/Monat bei monatlicher Zahlung<\/li>\n<li>PM:\u00a0 \u00a0\u20ac 10,-\/Monat bei j\u00e4hrlicher Vorauszahlung, \u20ac 15,-\/Monat bei monatlicher Zahlung<\/li>\n<li>EM:\u00a0\u00a0 &#8211;<\/li>\n<\/ul>\n<p>Diese Geb\u00fchren gelten ab 1.11.2023 (Beschluss durch die Hauptversammlung vom 8.September 2023) f\u00fcr mindestens 2 Jahre und k\u00f6nnen fr\u00fchestens nach 2 Jahren bei der Hauptversammlung 2027 neu angepasst werden.<\/p>\n<p>zur\u00fcck zu <a href=\"https:\/\/islaywhiskychapter.at\/index.php\/der-club\/die-organisation-des-clubs-ab-juli-2016\/\">&#8222;Die Organisation des Clubs ab Juli 2021&#8220;<\/a><\/p>\n","protected":false},"excerpt":{"rendered":"<p>Arten Die Arten der Mitgliedschaft entsprechen dem Vereinsgesetz und den Statuten des Vereins: Ordentliches Mitglied (OM) \u2013 ist berechtigt zur Teilnahme an allen internen und \u00f6ffentlichen Clubveranstaltungen zu den Mitglieder-Konditionen zur Anmeldung eines Partnermitglieds zur Teilnahme und Stimmabgabe bei der <a class=\"more-link\" href=\"https:\/\/islaywhiskychapter.at\/index.php\/der-club\/die-arten-der-mitgliedschaft\/\"><span class=\"screen-reader-text\">  Die Mitgliedschaft<\/span> weiterlesen<span class=\"meta-nav\">&rarr;<\/span><\/a><\/p>\n","protected":false},"author":4,"featured_media":0,"parent":140,"menu_order":2,"comment_status":"closed","ping_status":"closed","template":"","meta":{"_acf_changed":false,"ngg_post_thumbnail":0,"footnotes":"","_links_to":"","_links_to_target":""},"class_list":["post-3769","page","type-page","status-publish","hentry"],"acf":[],"_links":{"self":[{"href":"https:\/\/islaywhiskychapter.at\/index.php\/wp-json\/wp\/v2\/pages\/3769","targetHints":{"allow":["GET"]}}],"collection":[{"href":"https:\/\/islaywhiskychapter.at\/index.php\/wp-json\/wp\/v2\/pages"}],"about":[{"href":"https:\/\/islaywhiskychapter.at\/index.php\/wp-json\/wp\/v2\/types\/page"}],"author":[{"embeddable":true,"href":"https:\/\/islaywhiskychapter.at\/index.php\/wp-json\/wp\/v2\/users\/4"}],"replies":[{"embeddable":true,"href":"https:\/\/islaywhiskychapter.at\/index.php\/wp-json\/wp\/v2\/comments?post=3769"}],"version-history":[{"count":0,"href":"https:\/\/islaywhiskychapter.at\/index.php\/wp-json\/wp\/v2\/pages\/3769\/revisions"}],"up":[{"embeddable":true,"href":"https:\/\/islaywhiskychapter.at\/index.php\/wp-json\/wp\/v2\/pages\/140"}],"wp:attachment":[{"href":"https:\/\/islaywhiskychapter.at\/index.php\/wp-json\/wp\/v2\/media?parent=3769"}],"curies":[{"name":"wp","href":"https:\/\/api.w.org\/{rel}","templated":true}]}}