{"id":3749,"date":"2016-05-10T17:13:29","date_gmt":"2016-05-10T15:13:29","guid":{"rendered":"http:\/\/www.islaywhiskychapter.at\/?page_id=3749"},"modified":"2024-07-22T12:38:47","modified_gmt":"2024-07-22T10:38:47","slug":"vorstandsbereich","status":"publish","type":"page","link":"https:\/\/islaywhiskychapter.at\/index.php\/ganze-seite-nur-mitglieder\/vorstandsbereich\/","title":{"rendered":"Vorstandsbereich"},"content":{"rendered":"<p><span class=\"memberonly\">Der folgende Inhalt ist nur registrierte Mitglieder zug\u00e4nglich &#8211; bitte anmelden<\/span>","protected":false},"excerpt":{"rendered":"<p>In diesem Bereich werden Inhalte und Dokumente f\u00fcr die Vorstandsarbeit hinterlegt.&nbsp; Nur Mitglieder des Vorstandes sind berechtigt darauf zuzugreifen. &nbsp; Regelung f\u00fcr Vorstandssitzungen Diese finden in unregelm\u00e4\u00dfigen Abst\u00e4nden, jedoch mindestens einmal im Monat statt. Die Teilnahme an Vorstandssitzungen ist dessen <a class=\"more-link\" href=\"https:\/\/islaywhiskychapter.at\/index.php\/ganze-seite-nur-mitglieder\/vorstandsbereich\/\"><span class=\"screen-reader-text\">  Vorstandsbereich<\/span> weiterlesen<span class=\"meta-nav\">&rarr;<\/span><\/a><\/p>\n","protected":false},"author":4,"featured_media":0,"parent":3626,"menu_order":0,"comment_status":"closed","ping_status":"closed","template":"","meta":{"_acf_changed":false,"ngg_post_thumbnail":0,"footnotes":"","_links_to":"","_links_to_target":""},"class_list":["post-3749","page","type-page","status-publish","hentry"],"acf":[],"_links":{"self":[{"href":"https:\/\/islaywhiskychapter.at\/index.php\/wp-json\/wp\/v2\/pages\/3749","targetHints":{"allow":["GET"]}}],"collection":[{"href":"https:\/\/islaywhiskychapter.at\/index.php\/wp-json\/wp\/v2\/pages"}],"about":[{"href":"https:\/\/islaywhiskychapter.at\/index.php\/wp-json\/wp\/v2\/types\/page"}],"author":[{"embeddable":true,"href":"https:\/\/islaywhiskychapter.at\/index.php\/wp-json\/wp\/v2\/users\/4"}],"replies":[{"embeddable":true,"href":"https:\/\/islaywhiskychapter.at\/index.php\/wp-json\/wp\/v2\/comments?post=3749"}],"version-history":[{"count":0,"href":"https:\/\/islaywhiskychapter.at\/index.php\/wp-json\/wp\/v2\/pages\/3749\/revisions"}],"up":[{"embeddable":true,"href":"https:\/\/islaywhiskychapter.at\/index.php\/wp-json\/wp\/v2\/pages\/3626"}],"wp:attachment":[{"href":"https:\/\/islaywhiskychapter.at\/index.php\/wp-json\/wp\/v2\/media?parent=3749"}],"curies":[{"name":"wp","href":"https:\/\/api.w.org\/{rel}","templated":true}]}}