{"id":195,"date":"2012-04-04T15:19:51","date_gmt":"2012-04-04T14:19:51","guid":{"rendered":"http:\/\/www.islaywhiskychapter.at\/?page_id=195"},"modified":"2026-03-03T14:03:52","modified_gmt":"2026-03-03T13:03:52","slug":"impressum","status":"publish","type":"page","link":"https:\/\/islaywhiskychapter.at\/index.php\/der-club\/impressum\/","title":{"rendered":"Impressum"},"content":{"rendered":"<h4><strong>Impressum<\/strong><\/h4>\n<p>\u201eThe Islay Whisky Chapter Austria\u201c, Rosenberggasse 1, A-8010 Graz<\/p>\n<p>E-Mail: info(at)islaywhiskychapter.at<\/p>\n<p>ZVR-Zahl: 003694565, UID: ATU78283545<\/p>\n<p>Bankverbindung: Volksbank Steiermark<br \/>\nBIC: VBOEATWWGRA <span style=\"font-size: 15px;\">\u2022 <\/span>IBAN: AT13 4477 0246 7542 0000<\/p>\n<p>Gewerberechtl. Gesch\u00e4ftsf\u00fchrer: Ren\u00e9 Traby, Kirchbergstra\u00dfe 6, 8044 Graz<\/p>\n<h4><strong>Technische Informationen<\/strong><\/h4>\n<p>Registrierter Besitzer der Domain \u201ewww.islaywhiskychapter.at\u201c ist :<\/p>\n<p>Ekkehard Pummer, Tuersgasse 10, A-1130 Wien<\/p>\n<h4><strong>Inhaltliche Verantwortung<\/strong><\/h4>\n<p style=\"text-align: justify;\">Das Angebot von \u201ewww.islaywhiskychapter.at\u201c besteht aus einem redaktionell gestalteten Teil. Die Angebote im redaktionell gestalteten Teil werden vom Islay Whisky Chapter Austria beigesteuert. F\u00fcr den Inhalt der Website ist der Vorstand des Islay Whisky Chapter Austria verantwortlich.<\/p>\n<h4><strong>Datenschutz\/Privacy<\/strong><\/h4>\n<p style=\"text-align: justify;\">Welche Informationen (Daten) werden gesammelt und warum:<br \/>\nGrunds\u00e4tzlich werden keine Daten gesammelt. Das bedeutet, es werden keine Daten ermittelt, soferne dies nicht aus \u00fcbergeordneten rechtlichen Verordnungen&nbsp; verpflichtend ist, oder f\u00fcr das ordnungsgem\u00e4\u00dfe funktionieren dieser Webseite notwendig ist. Wir weisen aber darauf hin, dass wir die IP-Adresse von Besuchern unserer Webseiten automatisch erfassen, um sie mit etwaigen Fehlermeldungen verkn\u00fcpfen zu k\u00f6nnen. F\u00fcr manche Dienste (z.B. Registrierung) m\u00fcssen aber selbstverst\u00e4ndlich die daf\u00fcr erforderlichen Kontaktdaten gespeichert werden, damit wir die erw\u00fcnschte Leistung erbringen k\u00f6nnen. Zu keinem Zeitpunkt werden Daten an Dritte weitergegeben.<\/p>\n<h4><strong>Verwendung von Cookies<\/strong><\/h4>\n<p style=\"text-align: justify;\">Cookies sind Textdateien mit Informationen, die vom Browser auf der Festplatte des Besuchers abgelegt werden. Die Dateien enthalten den Namen der Website oder des Servers, von wo aus Cookies verschickt werden und k\u00f6nnen auch nur von diesem wieder angefordert werden. Cookies k\u00f6nnen von niemand anderem als vom Absender gelesen werden, enthalten&nbsp;keinen ausf\u00fchrbaren Programmcode und damit auch keine Viren oder sonstigen gef\u00e4hrlichen Programme,&nbsp;und sind so nicht gef\u00e4hrlich. Wir verwenden auf unserer Web-Site Cookies, um personalisierte Dienste und Informationen anbieten zu k\u00f6nnen. Sie haben dadurch die M\u00f6glichkeit, dauerhafte Voreinstellungen f\u00fcr Ihren Account vorzunehmen. Wenn Sie Cookies prinzipiell nicht akzeptieren, k\u00f6nnen Sie unsere Seiten trotzdem besuchen. Sie m\u00fcssen aber jedesmal Ihre pers\u00f6nlichen Voreinstellungen neu setzen.<\/p>\n<h4><strong>Rechtliche Hinweise\/Nutzungsbestimmungen<\/strong><\/h4>\n<p style=\"text-align: justify;\">Layout und Gestaltung des Angebots insgesamt sowie seiner einzelnen Elemente sind gesch\u00fctzt. Eine \u00f6ffentliche Verwendung oder Vervielf\u00e4ftigung des Angebots darf nur mit Zustimmung des Islay Whisky Chapter Austria erfolgen. Die Darstellung einer Seite aus diesem Angebot in einem Frame einer fremden Seite oder das Darstellen von Inhalten dieses Dienstes als eigene Information ist grunds\u00e4tzlich untersagt. Gleiches gilt f\u00fcr die redaktionellen Beitr\u00e4ge im Einzelnen sowie ihre Auswahl und Zusammenstellung; Ver\u00e4nderungen daran d\u00fcrfen nicht vorgenommen werden. F\u00fcr Artikel innerhalb dieses Angebotes ist der jeweilige Autor verantwortlich. Diese Artikel stellen die Meinung des Autors dar und entsprechen nicht grunds\u00e4tzlich der Meinung des Seitenbetreibers.<br \/>\nBei einer Verletzung von fremden Urheberrecht oder sonstiger Rechte durch den Seitenbetreiber oder eines Autors, ist auf die Verletzung per <a href=\"mailto:in**@****************er.at\" data-original-string=\"eDWZIgPXls+X0rGEputNoQ==17cqO4lKZvCpDZpt+h6IySOey0beUlxknsyu\/I0EWaKNM8=\" title=\"Dieser Kontakt wurde von Anti-Spam by CleanTalk verschl\u00fcsselt. Klicken Sie hier, um ihn zu entschl\u00fcsseln. Um die Entschl\u00fcsselung abzuschlie\u00dfen, stellen Sie sicher, dass JavaScript in Ihrem Browser aktiviert ist.\">E-Mail<\/a> hinzuweisen. Bei Bestehen einer Verletzung wird diese umgehend beseitigt.<br \/>\nDas Logo (&#8222;Gro\u00dfsiegel des Islay Whisky Chapter&nbsp; Austria&#8220;) beruht auf dem &#8222;Great Seal of Islay&#8220;, das Copyright des Logos liegt bei Ren\u00e9 Traby, die Verwendung ist ausschlie\u00dflich dem &#8222;Islay Whisky Chapter Austria&#8220; vorbehalten.<\/p>\n<h4><strong>Haftung<\/strong><\/h4>\n<p style=\"text-align: justify;\">Die auf www.islaywhiskychapter.at ver\u00f6ffentlichten Inhalte sind mit gr\u00f6\u00dfter Sorgfalt recherchiert. Dennoch kann &#8222;The Islay Whisky Chapter Austria&#8220; keine Gew\u00e4hr f\u00fcr die vollst\u00e4ndige Richtigkeit \u00fcbernehmen. Alle Angaben erfolgen ohne Gew\u00e4hr. Eine Haftung f\u00fcr Sch\u00e4den, die sich aus der Verwendung der auf www.islaywhiskychapter.at ver\u00f6ffentlichten Inhalte oder Services ergeben, ist ausgeschlossen.<\/p>\n<p>Dieser Service steht jedem Benutzer kostenfrei zur Verf\u00fcgung.<br \/>\nAlle Informationen, Firmenzeichen, Texte, Programme, Grafiken und Bilder unterliegen dem Urheberrecht. Alle Verwertungs- und Vertriebsrechte daf\u00fcr liegen beim Islay Whisky Chapter Austria. Alle benutzen Warenzeichen und Firmenbezeichnungen unterliegen dem Copyright der jeweiligen Firmen.<\/p>\n<h4><strong>Verweise und Links<\/strong><\/h4>\n<p style=\"text-align: justify;\">Bei direkten oder indirekten Verweisen auf fremde Internetseiten (Links), die au\u00dferhalb des Verantwortungsbereiches des Islay Whisky Chapter Austria oder Inhaltspartnern liegen, besteht keine Haftung&nbsp;durch&nbsp;das Islay Whisky Chapter Austria. Die Redaktion\/der Webmaster erkl\u00e4ren daher ausdr\u00fccklich, dass zum Zeitpunkt der Linksetzung die entsprechenden verlinkten Seiten frei von illegalen Inhalten waren. Die Redaktion\/der Webmaster hat keinerlei Einfluss auf die aktuelle und zuk\u00fcnftige Gestaltung und auf die Inhalte der gelinkten\/verkn\u00fcpften Seiten. Deshalb distanziert sich der Islay Whisky Club Austria ausdr\u00fccklich von Inhalten aller gelinkten\/verkn\u00fcpften Seiten, die nach der Linksetzung ver\u00e4ndert wurden. Diese Feststellung gilt f\u00fcr alle innerhalb des eigenen Internetangebotes gesetzten Links und Verweise sowie f\u00fcr Fremdeintr\u00e4ge durch Dritte auf unserer Plattform. F\u00fcr illegale, fehlerhafte oder unvollst\u00e4ndige Inhalte und insbesondere f\u00fcr Sch\u00e4den, die aus der Nutzung oder Nichtnutzung solcherart dargebotener Informationen entstehen, haftet allein der Anbieter der Seite, auf welche verwiesen wurde, nicht derjenige, der \u00fcber Links auf die jeweilige Ver\u00f6ffentlichung lediglich verweist.<br \/>\nBitte <a href=\"mailto:in**@****************er.at\" data-original-string=\"yZEOs6iWhUFmZ0Cpn3VXxg==17ci0Q4PZ3QKek2LEi\/h58x4zPgrbalzaLsgE5OPrpk9dM=\" title=\"Dieser Kontakt wurde von Anti-Spam by CleanTalk verschl\u00fcsselt. Klicken Sie hier, um ihn zu entschl\u00fcsseln. Um die Entschl\u00fcsselung abzuschlie\u00dfen, stellen Sie sicher, dass JavaScript in Ihrem Browser aktiviert ist.\">informieren<\/a> Sie uns, wenn auf ein solches Angebot verwiesen werden sollte.<\/p>\n<p style=\"text-align: justify;\">Alle Fotos im Header der Webseite sind ver\u00f6ffentlicht mit freundlicher Genehmigung von GERWIZ.<\/p>\n<p>\u00a9 2009-2024 The Islay Whisky Chapter Austria<\/p>\n<p>zur\u00fcck zu <a href=\"https:\/\/islaywhiskychapter.at\/index.php\/der-club\/\">&#8222;Der Club&#8220;<\/a><\/p>\n<p style=\"text-align: right;\">&nbsp;<\/p>\n","protected":false},"excerpt":{"rendered":"<p>Impressum \u201eThe Islay Whisky Chapter Austria\u201c, Rosenberggasse 1, A-8010 Graz E-Mail: info(at)islaywhiskychapter.at ZVR-Zahl: 003694565, UID: ATU78283545 Bankverbindung: Volksbank Steiermark BIC: VBOEATWWGRA \u2022 IBAN: AT13 4477 0246 7542 0000 Gewerberechtl. Gesch\u00e4ftsf\u00fchrer: Ren\u00e9 Traby, Kirchbergstra\u00dfe 6, 8044 Graz Technische Informationen Registrierter Besitzer <a class=\"more-link\" href=\"https:\/\/islaywhiskychapter.at\/index.php\/der-club\/impressum\/\"><span class=\"screen-reader-text\">  Impressum<\/span> weiterlesen<span class=\"meta-nav\">&rarr;<\/span><\/a><\/p>\n","protected":false},"author":1,"featured_media":0,"parent":140,"menu_order":12,"comment_status":"closed","ping_status":"closed","template":"","meta":{"_acf_changed":false,"ngg_post_thumbnail":0,"footnotes":"","_links_to":"","_links_to_target":""},"class_list":["post-195","page","type-page","status-publish","hentry"],"acf":[],"_links":{"self":[{"href":"https:\/\/islaywhiskychapter.at\/index.php\/wp-json\/wp\/v2\/pages\/195","targetHints":{"allow":["GET"]}}],"collection":[{"href":"https:\/\/islaywhiskychapter.at\/index.php\/wp-json\/wp\/v2\/pages"}],"about":[{"href":"https:\/\/islaywhiskychapter.at\/index.php\/wp-json\/wp\/v2\/types\/page"}],"author":[{"embeddable":true,"href":"https:\/\/islaywhiskychapter.at\/index.php\/wp-json\/wp\/v2\/users\/1"}],"replies":[{"embeddable":true,"href":"https:\/\/islaywhiskychapter.at\/index.php\/wp-json\/wp\/v2\/comments?post=195"}],"version-history":[{"count":0,"href":"https:\/\/islaywhiskychapter.at\/index.php\/wp-json\/wp\/v2\/pages\/195\/revisions"}],"up":[{"embeddable":true,"href":"https:\/\/islaywhiskychapter.at\/index.php\/wp-json\/wp\/v2\/pages\/140"}],"wp:attachment":[{"href":"https:\/\/islaywhiskychapter.at\/index.php\/wp-json\/wp\/v2\/media?parent=195"}],"curies":[{"name":"wp","href":"https:\/\/api.w.org\/{rel}","templated":true}]}}