{"id":140,"date":"2012-03-20T19:46:43","date_gmt":"1999-11-29T23:00:00","guid":{"rendered":"http:\/\/www.islaywhiskychapter.at\/?page_id=140"},"modified":"2025-12-14T20:26:09","modified_gmt":"2025-12-14T19:26:09","slug":"der-club","status":"publish","type":"page","link":"https:\/\/islaywhiskychapter.at\/index.php\/der-club\/","title":{"rendered":"Der Club"},"content":{"rendered":"<p>\u00a0<\/p>\n<p style=\"text-align: justify;\"><strong>Islay <\/strong><em>(ausgesprochen ei-lah)<\/em>, aus unserer Club-Sicht die wohl wichtigste Insel der inneren Hebriden, beherbergt nicht nur Kulturdenkm\u00e4ler und mythische Kultpl\u00e4tze aus allen Epochen, unz\u00e4hlige Schafherden und gesch\u00fctzte Vogelarten, sondern stellt auch die Heimat der etwa dreieinhalbtausend Ilich<em> (=Plural von Ileach, g\u00e4lische Bezeichnung f\u00fcr die Einwohner Islays) <\/em>dar<em>, <\/em>von denen doch einige in den aktuell neun aktiven Whiskydestillerien der Insel besch\u00e4ftigt sind.<\/p>\n<p style=\"text-align: justify;\">Das <strong>Islay Whisky Chapter Austria<\/strong> ist ein Club, der es sich auf die Fahnen geheftet hat, durch vielf\u00e4ltige Veranstaltungen schottisch-\u00f6sterreichischen Kulturaustausch zu f\u00f6rdern, Reisen nach Schottland zu organisieren und Wissen \u00fcber Uisge Beatha <em>(ausgesprochen ischke bha, g\u00e4lische Bezeichnung f\u00fcr das Wasser des Lebens, also Whisky)<\/em>, bekannt zu machen. Dies erfolgt in Form eines eingetragenen Vereins mit diesen statutarisch verbrieften Zielen:<\/p>\n<ul>\n<li style=\"text-align: justify;\">in angenehmer und gehobener Atmosph\u00e4re seinen Mitgliedern und interessierten Freunden den Gedankenaustausch mit Gleichgesinnten zu erm\u00f6glichen<\/li>\n<li style=\"text-align: justify;\">durch die Organisation von und der Teilnahme an regionalen und internationalen Veranstaltungen ein Netzwerk aus Freunden der schottischen Kultur und Natur, sowie der Whiskybranche zu bilden<\/li>\n<li style=\"text-align: justify;\">und schlie\u00dflich die Verbreitung von\u00a0Whisky und schottischem Kulturgut zu f\u00f6rdern<\/li>\n<\/ul>\n<p>\u00a0<\/p>\n<p style=\"text-align: justify;\"><img loading=\"lazy\" decoding=\"async\" class=\"alignright size-full wp-image-3529\" src=\"https:\/\/islaywhiskychapter.at\/wp-content\/uploads\/IWCA-Logo-Black.jpg\" alt=\"IWCA Logo Black\" width=\"175\" height=\"172\" \/><\/p>\n<p style=\"text-align: justify;\">Das <strong>Logo<\/strong> beruht auf dem &#8222;Great Seal of Islay&#8220;, dessen Verwendung dem IWCA seit 2010 vom <a href=\"https:\/\/www.finlaggan.org\/\">Finlaggan Trust<\/a> freigestellt ist.<\/p>\n<p style=\"text-align: justify;\">Es zeigt im Zentrum Angus von Islay mit den S\u00f6hnen Donalds auf der \u00dcberfahrt. In einem zus\u00e4tzlichen \u00e4u\u00dferen Ring sind die Anfangsbuchstaben aller Whiskydestillerien Islays sowie ganz au\u00dfen zwei Potstills und der Schriftzug The Islay Whisky Chapter hinzugef\u00fcgt worden.<\/p>\n<p style=\"text-align: justify;\">\u00a0<\/p>\n<p style=\"text-align: justify;\">Das Islay Whisky Chapter Austria besteht als Club nun seit mehr als 20 Jahren und hat in dieser Zeit seine Wurzeln von Wien nach Graz verlegt.<\/p>\n<p style=\"text-align: justify;\">Unser Konzept hat sich bew\u00e4hrt: unsere Veranstaltungen sind immer offen f\u00fcr G\u00e4ste, w\u00e4hrend unsere Mitglieder unterschiedlichste Vorteile genie\u00dfen:<\/p>\n<ul>\n<li>Der regelm\u00e4\u00dfige Clubabend ist eine fixe Institution immer donnerstags in unseren Clubr\u00e4umen ROSEHILL, dabei wird jedes Mal eine neue Abf\u00fcllung verkostet<\/li>\n<li>Einmal im Monat gibt es einen Pub-Abend (am 3.Donnerstag), mindestens ein Whisky-Seminar, oder eine andere genusstr\u00e4chtige Veranstaltung<\/li>\n<li>Mehrmals im Jahr werden spezielle Whisky-Events organisiert, wie z.B. Whisky-Dinners,\u00a0 gef\u00fchrte Verkostungen mit Gastpr\u00e4sentatoren aus Schottland oder die Teilnahme an der Grazer Whiskymesse, <em>Whisky, Spirits &amp; More<\/em><\/li>\n<li>Members Veranstaltungen, die zwar meist von Whisky begleitet werden, aber durchaus auch andere Themen im Vordergrund stehen haben<\/li>\n<li>mit eigenem Mitgliederbereich auf der Webseite\u00a0<\/li>\n<\/ul>\n<p>\u00a0<\/p>\n<p>\u00a0<\/p>\n\n\n<p><\/p>\n","protected":false},"excerpt":{"rendered":"<p>\u00a0 Islay (ausgesprochen ei-lah), aus unserer Club-Sicht die wohl wichtigste Insel der inneren Hebriden, beherbergt nicht nur Kulturdenkm\u00e4ler und mythische Kultpl\u00e4tze aus allen Epochen, unz\u00e4hlige Schafherden und gesch\u00fctzte Vogelarten, sondern stellt auch die Heimat der etwa dreieinhalbtausend Ilich (=Plural von <a class=\"more-link\" href=\"https:\/\/islaywhiskychapter.at\/index.php\/der-club\/\"><span class=\"screen-reader-text\">  Der Club<\/span> weiterlesen<span class=\"meta-nav\">&rarr;<\/span><\/a><\/p>\n","protected":false},"author":1,"featured_media":0,"parent":0,"menu_order":1,"comment_status":"closed","ping_status":"open","template":"","meta":{"_acf_changed":false,"ngg_post_thumbnail":0,"footnotes":"","_links_to":"","_links_to_target":""},"class_list":["post-140","page","type-page","status-publish","hentry"],"acf":[],"_links":{"self":[{"href":"https:\/\/islaywhiskychapter.at\/index.php\/wp-json\/wp\/v2\/pages\/140","targetHints":{"allow":["GET"]}}],"collection":[{"href":"https:\/\/islaywhiskychapter.at\/index.php\/wp-json\/wp\/v2\/pages"}],"about":[{"href":"https:\/\/islaywhiskychapter.at\/index.php\/wp-json\/wp\/v2\/types\/page"}],"author":[{"embeddable":true,"href":"https:\/\/islaywhiskychapter.at\/index.php\/wp-json\/wp\/v2\/users\/1"}],"replies":[{"embeddable":true,"href":"https:\/\/islaywhiskychapter.at\/index.php\/wp-json\/wp\/v2\/comments?post=140"}],"version-history":[{"count":0,"href":"https:\/\/islaywhiskychapter.at\/index.php\/wp-json\/wp\/v2\/pages\/140\/revisions"}],"wp:attachment":[{"href":"https:\/\/islaywhiskychapter.at\/index.php\/wp-json\/wp\/v2\/media?parent=140"}],"curies":[{"name":"wp","href":"https:\/\/api.w.org\/{rel}","templated":true}]}}